{"id":7306,"date":"2023-05-23T10:30:50","date_gmt":"2023-05-23T08:30:50","guid":{"rendered":"https:\/\/www.fiduciariamega.ch\/?page_id=7306"},"modified":"2025-04-08T17:22:59","modified_gmt":"2025-04-08T15:22:59","slug":"angela-dottavio","status":"publish","type":"page","link":"https:\/\/www.fiduciariamega.ch\/de\/personen\/angela-dottavio\/","title":{"rendered":"Angela D&#8217;Ottavio"},"content":{"rendered":"<p><div class=\"fusion-fullwidth fullwidth-box fusion-builder-row-1 fusion-flex-container nonhundred-percent-fullwidth non-hundred-percent-height-scrolling\" style=\"--awb-border-radius-top-left:0px;--awb-border-radius-top-right:0px;--awb-border-radius-bottom-right:0px;--awb-border-radius-bottom-left:0px;--awb-padding-top:0px;--awb-padding-right:120px;--awb-padding-left:120px;--awb-margin-top:0px;--awb-background-color:#ececec;--awb-flex-wrap:wrap;\" ><div class=\"fusion-builder-row fusion-row fusion-flex-align-items-flex-start fusion-flex-content-wrap\" style=\"max-width:1372.8px;margin-left: calc(-4% \/ 2 );margin-right: calc(-4% \/ 2 );\"><div class=\"fusion-layout-column fusion_builder_column fusion-builder-column-0 fusion_builder_column_1_2 1_2 fusion-flex-column\" style=\"--awb-bg-size:cover;--awb-width-large:50%;--awb-margin-top-large:0px;--awb-spacing-right-large:3.84%;--awb-margin-bottom-large:0px;--awb-spacing-left-large:3.84%;--awb-width-medium:50%;--awb-order-medium:0;--awb-spacing-right-medium:3.84%;--awb-spacing-left-medium:3.84%;--awb-width-small:100%;--awb-order-small:0;--awb-spacing-right-small:1.92%;--awb-spacing-left-small:1.92%;\"><div class=\"fusion-column-wrapper fusion-column-has-shadow fusion-flex-justify-content-flex-start fusion-content-layout-column\"><div class=\"fusion-image-element \" style=\"text-align:center;--awb-margin-bottom:0px;--awb-max-width:290px;--awb-caption-title-font-family:var(--h2_typography-font-family);--awb-caption-title-font-weight:var(--h2_typography-font-weight);--awb-caption-title-font-style:var(--h2_typography-font-style);--awb-caption-title-size:var(--h2_typography-font-size);--awb-caption-title-transform:var(--h2_typography-text-transform);--awb-caption-title-line-height:var(--h2_typography-line-height);--awb-caption-title-letter-spacing:var(--h2_typography-letter-spacing);\"><span class=\" fusion-imageframe imageframe-none imageframe-1 hover-type-none\"><img decoding=\"async\" width=\"810\" height=\"1213\" alt=\"Brunella Rossini\" title=\"Angela D&#8217;Ottavio bn web cut\" src=\"https:\/\/www.fiduciariamega.ch\/wp-content\/uploads\/2023\/05\/Angela-DOttavio-bn-web-cut-1.jpg\" data-orig-src=\"https:\/\/www.fiduciariamega.ch\/wp-content\/uploads\/2023\/05\/Angela-DOttavio-bn-web-cut-1.jpg\" class=\"lazyload img-responsive wp-image-7326\" srcset=\"data:image\/svg+xml,%3Csvg%20xmlns%3D%27http%3A%2F%2Fwww.w3.org%2F2000%2Fsvg%27%20width%3D%27810%27%20height%3D%271213%27%20viewBox%3D%270%200%20810%201213%27%3E%3Crect%20width%3D%27810%27%20height%3D%271213%27%20fill-opacity%3D%220%22%2F%3E%3C%2Fsvg%3E\" data-srcset=\"https:\/\/www.fiduciariamega.ch\/wp-content\/uploads\/2023\/05\/Angela-DOttavio-bn-web-cut-1-200x300.jpg 200w, https:\/\/www.fiduciariamega.ch\/wp-content\/uploads\/2023\/05\/Angela-DOttavio-bn-web-cut-1-400x599.jpg 400w, https:\/\/www.fiduciariamega.ch\/wp-content\/uploads\/2023\/05\/Angela-DOttavio-bn-web-cut-1-600x899.jpg 600w, https:\/\/www.fiduciariamega.ch\/wp-content\/uploads\/2023\/05\/Angela-DOttavio-bn-web-cut-1-800x1198.jpg 800w, https:\/\/www.fiduciariamega.ch\/wp-content\/uploads\/2023\/05\/Angela-DOttavio-bn-web-cut-1.jpg 810w\" data-sizes=\"auto\" data-orig-sizes=\"(max-width: 640px) 100vw, 800px\" \/><\/span><\/div><\/div><\/div><div class=\"fusion-layout-column fusion_builder_column fusion-builder-column-1 fusion_builder_column_1_2 1_2 fusion-flex-column\" style=\"--awb-padding-top:30px;--awb-bg-size:cover;--awb-width-large:50%;--awb-margin-top-large:20px;--awb-spacing-right-large:3.84%;--awb-margin-bottom-large:20px;--awb-spacing-left-large:3.84%;--awb-width-medium:50%;--awb-order-medium:0;--awb-spacing-right-medium:3.84%;--awb-spacing-left-medium:3.84%;--awb-width-small:100%;--awb-order-small:0;--awb-spacing-right-small:1.92%;--awb-spacing-left-small:1.92%;\"><div class=\"fusion-column-wrapper fusion-column-has-shadow fusion-flex-justify-content-flex-start fusion-content-layout-column\"><div class=\"fusion-title title fusion-title-1 fusion-sep-none fusion-title-text fusion-title-size-one TitoloPersona\"><h1 class=\"fusion-title-heading title-heading-left fusion-responsive-typography-calculated\" style=\"margin:0;--fontSize:56;line-height:1.12;\"><h1><span class=\"person-name\">Angela D&#8217;Ottavio<\/span><\/h1>\n<p><span class=\"person-title\">Prokuristin<\/span><\/p><\/h1><\/div><div class=\"fusion-text fusion-text-1\" style=\"--awb-font-size:16px;--awb-line-height:0.6;--awb-text-transform:none;\"><p>Via Stefano Franscini 9<\/p>\n<p>CH-6850 Mendrisio<\/p>\n<p>+41 91 6483045<\/p>\n<p><a href=\"mailto:angela.dottavio@fiduciariamega.ch\">angela.dottavio@fiduciariamega.ch<\/a><\/p>\n<\/div><\/div><\/div><\/div><\/div><div class=\"fusion-fullwidth fullwidth-box fusion-builder-row-2 fusion-flex-container nonhundred-percent-fullwidth non-hundred-percent-height-scrolling\" style=\"--awb-border-radius-top-left:0px;--awb-border-radius-top-right:0px;--awb-border-radius-bottom-right:0px;--awb-border-radius-bottom-left:0px;--awb-flex-wrap:wrap;\" ><div class=\"fusion-builder-row fusion-row fusion-flex-align-items-flex-start fusion-flex-content-wrap\" style=\"max-width:1372.8px;margin-left: calc(-4% \/ 2 );margin-right: calc(-4% \/ 2 );\"><div class=\"fusion-layout-column fusion_builder_column fusion-builder-column-2 fusion_builder_column_1_1 1_1 fusion-flex-column\" style=\"--awb-padding-top:30px;--awb-bg-size:cover;--awb-width-large:100%;--awb-margin-top-large:20px;--awb-spacing-right-large:1.92%;--awb-margin-bottom-large:20px;--awb-spacing-left-large:1.92%;--awb-width-medium:100%;--awb-order-medium:0;--awb-spacing-right-medium:1.92%;--awb-spacing-left-medium:1.92%;--awb-width-small:100%;--awb-order-small:0;--awb-spacing-right-small:1.92%;--awb-spacing-left-small:1.92%;\"><div class=\"fusion-column-wrapper fusion-column-has-shadow fusion-flex-justify-content-flex-start fusion-content-layout-column\"><div class=\"fusion-title title fusion-title-2 fusion-sep-none fusion-title-text fusion-title-size-two\" style=\"--awb-margin-bottom:15px;\"><h2 class=\"fusion-title-heading title-heading-left fusion-responsive-typography-calculated\" style=\"margin:0;--fontSize:44;line-height:1.14;\">\u00dcber mich<\/h2><\/div><div class=\"fusion-separator\" style=\"align-self: flex-start;margin-right:auto;margin-bottom:25px;width:100%;max-width:100px;\"><div class=\"fusion-separator-border sep-single sep-solid\" style=\"--awb-height:20px;--awb-amount:20px;--awb-sep-color:#0fa446;border-color:#0fa446;border-top-width:2px;\"><\/div><\/div><div class=\"fusion-text fusion-text-2\" style=\"--awb-text-transform:none;\"><p>Nach Abschluss meiner kaufm\u00e4nnischen Ausbildung begann ich in einem kleinen Unternehmen im Raum Mendrisio zu arbeiten. Gleichzeitig besuchte ich den Kurs zur Erlangung des eidgen\u00f6ssischen Fachausweises im Finanz- und Rechnungswesen. Seit 2004 arbeite ich bei Fiduciaria Mega, zun\u00e4chst in der Gesch\u00e4ftsstelle in Lugano, anschliessend in der Gesch\u00e4ftsstelle in Riva San Vitale, die 2022 nach Mendrisio \u00fcbersiedelt ist.<\/p>\n<\/div><\/div><\/div><\/div><\/div><div class=\"fusion-fullwidth fullwidth-box fusion-builder-row-3 fusion-flex-container nonhundred-percent-fullwidth non-hundred-percent-height-scrolling\" style=\"--awb-border-radius-top-left:0px;--awb-border-radius-top-right:0px;--awb-border-radius-bottom-right:0px;--awb-border-radius-bottom-left:0px;--awb-flex-wrap:wrap;\" ><div class=\"fusion-builder-row fusion-row fusion-flex-align-items-flex-start fusion-flex-content-wrap\" style=\"max-width:1372.8px;margin-left: calc(-4% \/ 2 );margin-right: calc(-4% \/ 2 );\"><div class=\"fusion-layout-column fusion_builder_column fusion-builder-column-3 fusion_builder_column_1_2 1_2 fusion-flex-column\" style=\"--awb-bg-size:cover;--awb-width-large:50%;--awb-margin-top-large:20px;--awb-spacing-right-large:3.84%;--awb-margin-bottom-large:20px;--awb-spacing-left-large:3.84%;--awb-width-medium:50%;--awb-order-medium:0;--awb-spacing-right-medium:3.84%;--awb-spacing-left-medium:3.84%;--awb-width-small:100%;--awb-order-small:0;--awb-spacing-right-small:1.92%;--awb-spacing-left-small:1.92%;\"><div class=\"fusion-column-wrapper fusion-column-has-shadow fusion-flex-justify-content-flex-start fusion-content-layout-column\"><div class=\"fusion-title title fusion-title-3 fusion-sep-none fusion-title-text fusion-title-size-two\" style=\"--awb-margin-bottom:15px;\"><h2 class=\"fusion-title-heading title-heading-left fusion-responsive-typography-calculated\" style=\"margin:0;--fontSize:44;line-height:1.14;\">T\u00e4tigkeitsbereiche<\/h2><\/div><div class=\"fusion-separator\" style=\"align-self: flex-start;margin-right:auto;margin-bottom:25px;width:100%;max-width:100px;\"><div class=\"fusion-separator-border sep-single sep-solid\" style=\"--awb-height:20px;--awb-amount:20px;--awb-sep-color:#0fa446;border-color:#0fa446;border-top-width:2px;\"><\/div><\/div><ul style=\"--awb-size:16px;--awb-iconcolor:#0fa446;--awb-line-height:27.2px;--awb-icon-width:27.2px;--awb-icon-height:27.2px;--awb-icon-margin:11.2px;--awb-content-margin:38.4px;\" class=\"fusion-checklist fusion-checklist-1 fusion-checklist-default type-icons checklistPersona\"><li class=\"fusion-li-item\" style=\"\"><span class=\"icon-wrapper circle-no\"><i class=\"fusion-li-icon fa-angle-right fas\" aria-hidden=\"true\"><\/i><\/span><div class=\"fusion-li-item-content\">\n<p>Buchhaltung einschliesslich Rechnungsabschl\u00fcsse<\/p>\n<\/div><\/li><li class=\"fusion-li-item\" style=\"\"><span class=\"icon-wrapper circle-no\"><i class=\"fusion-li-icon fa-angle-right fas\" aria-hidden=\"true\"><\/i><\/span><div class=\"fusion-li-item-content\">\n<p>Mehrwertsteuer-Verwaltung<\/p>\n<\/div><\/li><li class=\"fusion-li-item\" style=\"\"><span class=\"icon-wrapper circle-no\"><i class=\"fusion-li-icon fa-angle-right fas\" aria-hidden=\"true\"><\/i><\/span><div class=\"fusion-li-item-content\">\n<p>Steuererkl\u00e4rungen von juristischen und nat\u00fcrlichen Personen<\/p>\n<\/div><\/li><\/ul><\/div><\/div><div class=\"fusion-layout-column fusion_builder_column fusion-builder-column-4 fusion_builder_column_1_2 1_2 fusion-flex-column\" style=\"--awb-bg-size:cover;--awb-width-large:50%;--awb-margin-top-large:20px;--awb-spacing-right-large:3.84%;--awb-margin-bottom-large:20px;--awb-spacing-left-large:3.84%;--awb-width-medium:50%;--awb-order-medium:0;--awb-spacing-right-medium:3.84%;--awb-spacing-left-medium:3.84%;--awb-width-small:100%;--awb-order-small:0;--awb-spacing-right-small:1.92%;--awb-spacing-left-small:1.92%;\"><div class=\"fusion-column-wrapper fusion-column-has-shadow fusion-flex-justify-content-flex-start fusion-content-layout-column\"><div class=\"fusion-title title fusion-title-4 fusion-sep-none fusion-title-text fusion-title-size-two\" style=\"--awb-margin-bottom:15px;\"><h2 class=\"fusion-title-heading title-heading-left fusion-responsive-typography-calculated\" style=\"margin:0;--fontSize:44;line-height:1.14;\">Berufliche Erfahrung<\/h2><\/div><div class=\"fusion-separator\" style=\"align-self: flex-start;margin-right:auto;margin-bottom:25px;width:100%;max-width:100px;\"><div class=\"fusion-separator-border sep-single sep-solid\" style=\"--awb-height:20px;--awb-amount:20px;--awb-sep-color:#0fa446;border-color:#0fa446;border-top-width:2px;\"><\/div><\/div><ul style=\"--awb-size:16px;--awb-iconcolor:#0fa446;--awb-line-height:27.2px;--awb-icon-width:27.2px;--awb-icon-height:27.2px;--awb-icon-margin:11.2px;--awb-content-margin:38.4px;\" class=\"fusion-checklist fusion-checklist-2 fusion-checklist-default type-icons checklistPersona\"><li class=\"fusion-li-item\" style=\"\"><span class=\"icon-wrapper circle-no\"><i class=\"fusion-li-icon fa-angle-right fas\" aria-hidden=\"true\"><\/i><\/span><div class=\"fusion-li-item-content\">\n<p>Prokuristin Fiduciaria Mega SA (seit 2023)<\/p>\n<\/div><\/li><li class=\"fusion-li-item\" style=\"\"><span class=\"icon-wrapper circle-no\"><i class=\"fusion-li-icon fa-angle-right fas\" aria-hidden=\"true\"><\/i><\/span><div class=\"fusion-li-item-content\">\n<p>Eintritt in fidBe SA, eine hundertprozentige Tochtergesellschaft der Fiduciaria Mega SA (2013), heute Niederlassung in Mendrisio<\/p>\n<\/div><\/li><li class=\"fusion-li-item\" style=\"\"><span class=\"icon-wrapper circle-no\"><i class=\"fusion-li-icon fa-angle-right fas\" aria-hidden=\"true\"><\/i><\/span><div class=\"fusion-li-item-content\">\n<p>Eintritt in Fiduciaria Mega SA, Lugano (2004)<\/p>\n<\/div><\/li><li class=\"fusion-li-item\" style=\"\"><span class=\"icon-wrapper circle-no\"><i class=\"fusion-li-icon fa-angle-right fas\" aria-hidden=\"true\"><\/i><\/span><div class=\"fusion-li-item-content\">\n<p>Van Laack SA, Morbio Inferiore (1994-2001)<\/p>\n<\/div><\/li><\/ul><\/div><\/div><div class=\"fusion-layout-column fusion_builder_column fusion-builder-column-5 fusion_builder_column_1_2 1_2 fusion-flex-column\" style=\"--awb-bg-size:cover;--awb-width-large:50%;--awb-margin-top-large:20px;--awb-spacing-right-large:3.84%;--awb-margin-bottom-large:20px;--awb-spacing-left-large:3.84%;--awb-width-medium:50%;--awb-order-medium:0;--awb-spacing-right-medium:3.84%;--awb-spacing-left-medium:3.84%;--awb-width-small:100%;--awb-order-small:0;--awb-spacing-right-small:1.92%;--awb-spacing-left-small:1.92%;\"><div class=\"fusion-column-wrapper fusion-column-has-shadow fusion-flex-justify-content-flex-start fusion-content-layout-column\"><div class=\"fusion-title title fusion-title-5 fusion-sep-none fusion-title-text fusion-title-size-two\" style=\"--awb-margin-bottom:15px;\"><h2 class=\"fusion-title-heading title-heading-left fusion-responsive-typography-calculated\" style=\"margin:0;--fontSize:44;line-height:1.14;\">Ausbildung<\/h2><\/div><div class=\"fusion-separator\" style=\"align-self: flex-start;margin-right:auto;margin-bottom:25px;width:100%;max-width:100px;\"><div class=\"fusion-separator-border sep-single sep-solid\" style=\"--awb-height:20px;--awb-amount:20px;--awb-sep-color:#0fa446;border-color:#0fa446;border-top-width:2px;\"><\/div><\/div><ul style=\"--awb-size:16px;--awb-iconcolor:#0fa446;--awb-line-height:27.2px;--awb-icon-width:27.2px;--awb-icon-height:27.2px;--awb-icon-margin:11.2px;--awb-content-margin:38.4px;\" class=\"fusion-checklist fusion-checklist-3 fusion-checklist-default type-icons checklistPersona\"><li class=\"fusion-li-item\" style=\"\"><span class=\"icon-wrapper circle-no\"><i class=\"fusion-li-icon fa-angle-right fas\" aria-hidden=\"true\"><\/i><\/span><div class=\"fusion-li-item-content\">\n<p>Eidgen\u00f6ssischer Fachausweises im Finanz- und Rechnungswesen (2002)<\/p>\n<\/div><\/li><li class=\"fusion-li-item\" style=\"\"><span class=\"icon-wrapper circle-no\"><i class=\"fusion-li-icon fa-angle-right fas\" aria-hidden=\"true\"><\/i><\/span><div class=\"fusion-li-item-content\">\n<p>Diplom Handelsschule, Chiasso (1993)<\/p>\n<\/div><\/li><\/ul><\/div><\/div><div class=\"fusion-layout-column fusion_builder_column fusion-builder-column-6 fusion_builder_column_1_2 1_2 fusion-flex-column\" style=\"--awb-bg-size:cover;--awb-width-large:50%;--awb-margin-top-large:20px;--awb-spacing-right-large:3.84%;--awb-margin-bottom-large:20px;--awb-spacing-left-large:3.84%;--awb-width-medium:50%;--awb-order-medium:0;--awb-spacing-right-medium:3.84%;--awb-spacing-left-medium:3.84%;--awb-width-small:100%;--awb-order-small:0;--awb-spacing-right-small:1.92%;--awb-spacing-left-small:1.92%;\"><div class=\"fusion-column-wrapper fusion-column-has-shadow fusion-flex-justify-content-flex-start fusion-content-layout-column\"><div class=\"fusion-title title fusion-title-6 fusion-sep-none fusion-title-text fusion-title-size-two\" style=\"--awb-margin-bottom:15px;\"><h2 class=\"fusion-title-heading title-heading-left fusion-responsive-typography-calculated\" style=\"margin:0;--fontSize:44;line-height:1.14;\">Mitgliedschaften und Qualifikationen<\/h2><\/div><div class=\"fusion-separator\" style=\"align-self: flex-start;margin-right:auto;margin-bottom:25px;width:100%;max-width:100px;\"><div class=\"fusion-separator-border sep-single sep-solid\" style=\"--awb-height:20px;--awb-amount:20px;--awb-sep-color:#0fa446;border-color:#0fa446;border-top-width:2px;\"><\/div><\/div><ul style=\"--awb-size:16px;--awb-iconcolor:#0fa446;--awb-line-height:27.2px;--awb-icon-width:27.2px;--awb-icon-height:27.2px;--awb-icon-margin:11.2px;--awb-content-margin:38.4px;\" class=\"fusion-checklist fusion-checklist-4 fusion-checklist-default type-icons checklistPersona\"><li class=\"fusion-li-item\" style=\"\"><span class=\"icon-wrapper circle-no\"><i class=\"fusion-li-icon fa-angle-right fas\" aria-hidden=\"true\"><\/i><\/span><div class=\"fusion-li-item-content\">ACF &#8211; Verband der eidgen\u00f6ssisch diplomierten Buchhalter und Controller der italienischen Schweiz<\/div><\/li><\/ul><\/div><\/div><div class=\"fusion-layout-column fusion_builder_column fusion-builder-column-7 fusion_builder_column_1_2 1_2 fusion-flex-column\" style=\"--awb-bg-size:cover;--awb-width-large:50%;--awb-margin-top-large:20px;--awb-spacing-right-large:3.84%;--awb-margin-bottom-large:20px;--awb-spacing-left-large:3.84%;--awb-width-medium:50%;--awb-order-medium:0;--awb-spacing-right-medium:3.84%;--awb-spacing-left-medium:3.84%;--awb-width-small:100%;--awb-order-small:0;--awb-spacing-right-small:1.92%;--awb-spacing-left-small:1.92%;\"><div class=\"fusion-column-wrapper fusion-column-has-shadow fusion-flex-justify-content-flex-start fusion-content-layout-column\"><div class=\"fusion-title title fusion-title-7 fusion-sep-none fusion-title-text fusion-title-size-two\" style=\"--awb-margin-bottom:15px;\"><h2 class=\"fusion-title-heading title-heading-left fusion-responsive-typography-calculated\" style=\"margin:0;--fontSize:44;line-height:1.14;\">Sprachen<\/h2><\/div><div class=\"fusion-separator\" style=\"align-self: flex-start;margin-right:auto;margin-bottom:25px;width:100%;max-width:100px;\"><div class=\"fusion-separator-border sep-single sep-solid\" style=\"--awb-height:20px;--awb-amount:20px;--awb-sep-color:#0fa446;border-color:#0fa446;border-top-width:2px;\"><\/div><\/div><ul style=\"--awb-size:16px;--awb-iconcolor:#0fa446;--awb-line-height:27.2px;--awb-icon-width:27.2px;--awb-icon-height:27.2px;--awb-icon-margin:11.2px;--awb-content-margin:38.4px;\" class=\"fusion-checklist fusion-checklist-5 fusion-checklist-default type-icons checklistPersona\"><li class=\"fusion-li-item\" style=\"\"><span class=\"icon-wrapper circle-no\"><i class=\"fusion-li-icon fa-angle-right fas\" aria-hidden=\"true\"><\/i><\/span><div class=\"fusion-li-item-content\">Italienisch<\/div><\/li><li class=\"fusion-li-item\" style=\"\"><span class=\"icon-wrapper circle-no\"><i class=\"fusion-li-icon fa-angle-right fas\" aria-hidden=\"true\"><\/i><\/span><div class=\"fusion-li-item-content\">Englisch<\/div><\/li><li class=\"fusion-li-item\" style=\"\"><span class=\"icon-wrapper circle-no\"><i class=\"fusion-li-icon fa-angle-right fas\" aria-hidden=\"true\"><\/i><\/span><div class=\"fusion-li-item-content\">Franz\u00f6sisch<\/div><\/li><li class=\"fusion-li-item\" style=\"\"><span class=\"icon-wrapper circle-no\"><i class=\"fusion-li-icon fa-angle-right fas\" aria-hidden=\"true\"><\/i><\/span><div class=\"fusion-li-item-content\">Deutsch<\/div><\/li><\/ul><\/div><\/div><\/div><\/div><\/p>\n","protected":false},"excerpt":{"rendered":"","protected":false},"author":3,"featured_media":0,"parent":5848,"menu_order":0,"comment_status":"closed","ping_status":"closed","template":"100-width.php","meta":{"inline_featured_image":false,"footnotes":""},"class_list":["post-7306","page","type-page","status-publish","hentry"],"yoast_head":"<!-- This site is optimized with the Yoast SEO plugin v26.6 - https:\/\/yoast.com\/wordpress\/plugins\/seo\/ -->\n<title>Angela D&#039;Ottavio, Prokuristin | Fiduciaria Mega<\/title>\n<meta name=\"description\" content=\"Seit 2004 arbeite ich bei Fiduciaria Mega, zun\u00e4chst in der Gesch\u00e4ftsstelle in Lugano, anschliessend in der Gesch\u00e4ftsstelle in Riva San Vitale, die 2022 nach Mendrisio \u00fcbersiedelt ist.\" \/>\n<meta name=\"robots\" content=\"index, follow, max-snippet:-1, max-image-preview:large, max-video-preview:-1\" \/>\n<link rel=\"canonical\" href=\"https:\/\/www.fiduciariamega.ch\/de\/personen\/angela-dottavio\/\" \/>\n<meta property=\"og:locale\" content=\"de_DE\" \/>\n<meta property=\"og:type\" content=\"article\" \/>\n<meta property=\"og:title\" content=\"Angela D&#039;Ottavio, Prokuristin | Fiduciaria Mega\" \/>\n<meta property=\"og:description\" content=\"Seit 2004 arbeite ich bei Fiduciaria Mega, zun\u00e4chst in der Gesch\u00e4ftsstelle in Lugano, anschliessend in der Gesch\u00e4ftsstelle in Riva San Vitale, die 2022 nach Mendrisio \u00fcbersiedelt ist.\" \/>\n<meta property=\"og:url\" content=\"https:\/\/www.fiduciariamega.ch\/de\/personen\/angela-dottavio\/\" \/>\n<meta property=\"og:site_name\" content=\"Fiduciaria Mega\" \/>\n<meta property=\"article:modified_time\" content=\"2025-04-08T15:22:59+00:00\" \/>\n<meta name=\"twitter:card\" content=\"summary_large_image\" \/>\n<meta name=\"twitter:label1\" content=\"Gesch\u00e4tzte Lesezeit\" \/>\n\t<meta name=\"twitter:data1\" content=\"2\u00a0Minuten\" \/>\n<script type=\"application\/ld+json\" class=\"yoast-schema-graph\">{\"@context\":\"https:\/\/schema.org\",\"@graph\":[{\"@type\":\"WebPage\",\"@id\":\"https:\/\/www.fiduciariamega.ch\/de\/personen\/angela-dottavio\/\",\"url\":\"https:\/\/www.fiduciariamega.ch\/de\/personen\/angela-dottavio\/\",\"name\":\"Angela D'Ottavio, Prokuristin | Fiduciaria Mega\",\"isPartOf\":{\"@id\":\"https:\/\/www.fiduciariamega.ch\/de\/#website\"},\"datePublished\":\"2023-05-23T08:30:50+00:00\",\"dateModified\":\"2025-04-08T15:22:59+00:00\",\"description\":\"Seit 2004 arbeite ich bei Fiduciaria Mega, zun\u00e4chst in der Gesch\u00e4ftsstelle in Lugano, anschliessend in der Gesch\u00e4ftsstelle in Riva San Vitale, die 2022 nach Mendrisio \u00fcbersiedelt ist.\",\"breadcrumb\":{\"@id\":\"https:\/\/www.fiduciariamega.ch\/de\/personen\/angela-dottavio\/#breadcrumb\"},\"inLanguage\":\"de\",\"potentialAction\":[{\"@type\":\"ReadAction\",\"target\":[\"https:\/\/www.fiduciariamega.ch\/de\/personen\/angela-dottavio\/\"]}]},{\"@type\":\"BreadcrumbList\",\"@id\":\"https:\/\/www.fiduciariamega.ch\/de\/personen\/angela-dottavio\/#breadcrumb\",\"itemListElement\":[{\"@type\":\"ListItem\",\"position\":1,\"name\":\"Personen\",\"item\":\"https:\/\/www.fiduciariamega.ch\/de\/personen\/\"},{\"@type\":\"ListItem\",\"position\":2,\"name\":\"Angela D&#8217;Ottavio\"}]},{\"@type\":\"WebSite\",\"@id\":\"https:\/\/www.fiduciariamega.ch\/de\/#website\",\"url\":\"https:\/\/www.fiduciariamega.ch\/de\/\",\"name\":\"Fiduciaria Mega\",\"description\":\"\",\"potentialAction\":[{\"@type\":\"SearchAction\",\"target\":{\"@type\":\"EntryPoint\",\"urlTemplate\":\"https:\/\/www.fiduciariamega.ch\/de\/?s={search_term_string}\"},\"query-input\":{\"@type\":\"PropertyValueSpecification\",\"valueRequired\":true,\"valueName\":\"search_term_string\"}}],\"inLanguage\":\"de\"}]}<\/script>\n<!-- \/ Yoast SEO plugin. -->","yoast_head_json":{"title":"Angela D'Ottavio, Prokuristin | Fiduciaria Mega","description":"Seit 2004 arbeite ich bei Fiduciaria Mega, zun\u00e4chst in der Gesch\u00e4ftsstelle in Lugano, anschliessend in der Gesch\u00e4ftsstelle in Riva San Vitale, die 2022 nach Mendrisio \u00fcbersiedelt ist.","robots":{"index":"index","follow":"follow","max-snippet":"max-snippet:-1","max-image-preview":"max-image-preview:large","max-video-preview":"max-video-preview:-1"},"canonical":"https:\/\/www.fiduciariamega.ch\/de\/personen\/angela-dottavio\/","og_locale":"de_DE","og_type":"article","og_title":"Angela D'Ottavio, Prokuristin | Fiduciaria Mega","og_description":"Seit 2004 arbeite ich bei Fiduciaria Mega, zun\u00e4chst in der Gesch\u00e4ftsstelle in Lugano, anschliessend in der Gesch\u00e4ftsstelle in Riva San Vitale, die 2022 nach Mendrisio \u00fcbersiedelt ist.","og_url":"https:\/\/www.fiduciariamega.ch\/de\/personen\/angela-dottavio\/","og_site_name":"Fiduciaria Mega","article_modified_time":"2025-04-08T15:22:59+00:00","twitter_card":"summary_large_image","twitter_misc":{"Gesch\u00e4tzte Lesezeit":"2\u00a0Minuten"},"schema":{"@context":"https:\/\/schema.org","@graph":[{"@type":"WebPage","@id":"https:\/\/www.fiduciariamega.ch\/de\/personen\/angela-dottavio\/","url":"https:\/\/www.fiduciariamega.ch\/de\/personen\/angela-dottavio\/","name":"Angela D'Ottavio, Prokuristin | Fiduciaria Mega","isPartOf":{"@id":"https:\/\/www.fiduciariamega.ch\/de\/#website"},"datePublished":"2023-05-23T08:30:50+00:00","dateModified":"2025-04-08T15:22:59+00:00","description":"Seit 2004 arbeite ich bei Fiduciaria Mega, zun\u00e4chst in der Gesch\u00e4ftsstelle in Lugano, anschliessend in der Gesch\u00e4ftsstelle in Riva San Vitale, die 2022 nach Mendrisio \u00fcbersiedelt ist.","breadcrumb":{"@id":"https:\/\/www.fiduciariamega.ch\/de\/personen\/angela-dottavio\/#breadcrumb"},"inLanguage":"de","potentialAction":[{"@type":"ReadAction","target":["https:\/\/www.fiduciariamega.ch\/de\/personen\/angela-dottavio\/"]}]},{"@type":"BreadcrumbList","@id":"https:\/\/www.fiduciariamega.ch\/de\/personen\/angela-dottavio\/#breadcrumb","itemListElement":[{"@type":"ListItem","position":1,"name":"Personen","item":"https:\/\/www.fiduciariamega.ch\/de\/personen\/"},{"@type":"ListItem","position":2,"name":"Angela D&#8217;Ottavio"}]},{"@type":"WebSite","@id":"https:\/\/www.fiduciariamega.ch\/de\/#website","url":"https:\/\/www.fiduciariamega.ch\/de\/","name":"Fiduciaria Mega","description":"","potentialAction":[{"@type":"SearchAction","target":{"@type":"EntryPoint","urlTemplate":"https:\/\/www.fiduciariamega.ch\/de\/?s={search_term_string}"},"query-input":{"@type":"PropertyValueSpecification","valueRequired":true,"valueName":"search_term_string"}}],"inLanguage":"de"}]}},"_links":{"self":[{"href":"https:\/\/www.fiduciariamega.ch\/de\/wp-json\/wp\/v2\/pages\/7306","targetHints":{"allow":["GET"]}}],"collection":[{"href":"https:\/\/www.fiduciariamega.ch\/de\/wp-json\/wp\/v2\/pages"}],"about":[{"href":"https:\/\/www.fiduciariamega.ch\/de\/wp-json\/wp\/v2\/types\/page"}],"author":[{"embeddable":true,"href":"https:\/\/www.fiduciariamega.ch\/de\/wp-json\/wp\/v2\/users\/3"}],"replies":[{"embeddable":true,"href":"https:\/\/www.fiduciariamega.ch\/de\/wp-json\/wp\/v2\/comments?post=7306"}],"version-history":[{"count":5,"href":"https:\/\/www.fiduciariamega.ch\/de\/wp-json\/wp\/v2\/pages\/7306\/revisions"}],"predecessor-version":[{"id":9414,"href":"https:\/\/www.fiduciariamega.ch\/de\/wp-json\/wp\/v2\/pages\/7306\/revisions\/9414"}],"up":[{"embeddable":true,"href":"https:\/\/www.fiduciariamega.ch\/de\/wp-json\/wp\/v2\/pages\/5848"}],"wp:attachment":[{"href":"https:\/\/www.fiduciariamega.ch\/de\/wp-json\/wp\/v2\/media?parent=7306"}],"curies":[{"name":"wp","href":"https:\/\/api.w.org\/{rel}","templated":true}]}}